{"id":483,"date":"2021-11-22T06:08:45","date_gmt":"2021-11-22T06:08:45","guid":{"rendered":"https:\/\/www.reypadron.com\/?page_id=483"},"modified":"2021-11-22T06:08:45","modified_gmt":"2021-11-22T06:08:45","slug":"acerca-de-nosotros","status":"publish","type":"page","link":"https:\/\/www.reypadron.com\/es\/acerca-de-nosotros\/","title":{"rendered":"Acerca de nosotros"},"content":{"rendered":"<h1>Acerca de nosotros: La Firma de Abogados de Rey Padron<\/h1>\n<p>La Firma de Abogados de Rey Padr\u00f3n se estableci\u00f3 como unafirma de abogados de lesiones personales de la parte demandante que principalmente se centraba en lesiones por accidente automovil\u00edstico. Hoy nos encargamos de todo tipo de lesiones personales, reclamos de seguros de propiedad, defensa criminal y de tr\u00e1nsito. Nuestro objetivo es brindarte la compensaci\u00f3n y la justicia que te mereces.<\/p>\n<p>Desde la fase inicial, queremos que te sientas c\u00f3modo, seguro y completamente informado. Tratamos a todos y cada uno de nuestros clientes comofamilia y nuestro objetivo es alcanzar solo el mejor resultado. Si alguna vez consideramos que otro abogado te atender\u00eda mejor, no tenemos miedo de hac\u00e9rtelo saber.<\/p>\n","protected":false},"excerpt":{"rendered":"<p>Acerca de nosotros: La Firma de Abogados de Rey Padron La Firma de Abogados de Rey Padr\u00f3n se estableci\u00f3 como unafirma de abogados de lesiones personales de la parte demandante que principalmente se centraba en lesiones por accidente automovil\u00edstico. Hoy nos encargamos de todo tipo de lesiones personales, reclamos de seguros de propiedad, defensa criminal y de tr\u00e1nsito. Nuestro objetivo es brindarte la compensaci\u00f3n y la justicia que te mereces. Desde la fase inicial, queremos que te sientas c\u00f3modo, seguro y completamente informado. Tratamos a todos y cada uno de nuestros clientes comofamilia y nuestro objetivo es alcanzar solo el mejor resultado. Si alguna vez consideramos que otro abogado te atender\u00eda mejor, no tenemos miedo de hac\u00e9rtelo saber.<\/p>\n","protected":false},"author":3,"featured_media":0,"parent":0,"menu_order":0,"comment_status":"closed","ping_status":"closed","template":"","meta":{"_genesis_hide_title":false,"_genesis_hide_breadcrumbs":false,"_genesis_hide_singular_image":false,"_genesis_hide_footer_widgets":false,"_genesis_custom_body_class":"","_genesis_custom_post_class":"","_genesis_layout":"","footnotes":""},"class_list":{"0":"post-483","1":"page","2":"type-page","3":"status-publish","5":"entry"},"yoast_head":"<!-- This site is optimized with the Yoast SEO plugin v27.5 - https:\/\/yoast.com\/product\/yoast-seo-wordpress\/ -->\n<title>Acerca de nosotros \u2013 La Firma de Abogados de Rey Padron, PLLC<\/title>\n<meta name=\"description\" content=\"\u00a1Conoce m\u00e1s sobre la Firma de Abogados de Rey Padron!\" \/>\n<meta name=\"robots\" content=\"index, follow, max-snippet:-1, max-image-preview:large, max-video-preview:-1\" \/>\n<link rel=\"canonical\" href=\"https:\/\/www.reypadron.com\/es\/acerca-de-nosotros\/\" \/>\n<meta property=\"og:locale\" content=\"es_ES\" \/>\n<meta property=\"og:type\" content=\"article\" \/>\n<meta property=\"og:title\" content=\"Acerca de nosotros \u2013 La Firma de Abogados de Rey Padron, PLLC\" \/>\n<meta property=\"og:description\" content=\"\u00a1Conoce m\u00e1s sobre la Firma de Abogados de Rey Padron!\" \/>\n<meta property=\"og:url\" content=\"https:\/\/www.reypadron.com\/es\/acerca-de-nosotros\/\" \/>\n<meta property=\"og:site_name\" content=\"The Law Firm of Rey Padron, PLLC\" \/>\n<meta name=\"twitter:card\" content=\"summary_large_image\" \/>\n<meta name=\"twitter:label1\" content=\"Tiempo de lectura\" \/>\n\t<meta name=\"twitter:data1\" content=\"1 minuto\" \/>\n<!-- \/ Yoast SEO plugin. -->","yoast_head_json":{"title":"Acerca de nosotros \u2013 La Firma de Abogados de Rey Padron, PLLC","description":"\u00a1Conoce m\u00e1s sobre la Firma de Abogados de Rey Padron!","robots":{"index":"index","follow":"follow","max-snippet":"max-snippet:-1","max-image-preview":"max-image-preview:large","max-video-preview":"max-video-preview:-1"},"canonical":"https:\/\/www.reypadron.com\/es\/acerca-de-nosotros\/","og_locale":"es_ES","og_type":"article","og_title":"Acerca de nosotros \u2013 La Firma de Abogados de Rey Padron, PLLC","og_description":"\u00a1Conoce m\u00e1s sobre la Firma de Abogados de Rey Padron!","og_url":"https:\/\/www.reypadron.com\/es\/acerca-de-nosotros\/","og_site_name":"The Law Firm of Rey Padron, PLLC","twitter_card":"summary_large_image","twitter_misc":{"Tiempo de lectura":"1 minuto"},"schema":{"@context":"https:\/\/schema.org","@graph":[{"@type":"WebPage","@id":"https:\/\/www.reypadron.com\/es\/acerca-de-nosotros\/","url":"https:\/\/www.reypadron.com\/es\/acerca-de-nosotros\/","name":"Acerca de nosotros \u2013 La Firma de Abogados de Rey Padron, PLLC","isPartOf":{"@id":"https:\/\/www.reypadron.com\/#website"},"datePublished":"2021-11-22T06:08:45+00:00","description":"\u00a1Conoce m\u00e1s sobre la Firma de Abogados de Rey Padron!","breadcrumb":{"@id":"https:\/\/www.reypadron.com\/es\/acerca-de-nosotros\/#breadcrumb"},"inLanguage":"es","potentialAction":[{"@type":"ReadAction","target":["https:\/\/www.reypadron.com\/es\/acerca-de-nosotros\/"]}]},{"@type":"BreadcrumbList","@id":"https:\/\/www.reypadron.com\/es\/acerca-de-nosotros\/#breadcrumb","itemListElement":[{"@type":"ListItem","position":1,"name":"Home","item":"https:\/\/www.reypadron.com\/es\/"},{"@type":"ListItem","position":2,"name":"Acerca de nosotros"}]},{"@type":"WebSite","@id":"https:\/\/www.reypadron.com\/#website","url":"https:\/\/www.reypadron.com\/","name":"The Law Firm of Rey Padron, PLLC","description":"","potentialAction":[{"@type":"SearchAction","target":{"@type":"EntryPoint","urlTemplate":"https:\/\/www.reypadron.com\/?s={search_term_string}"},"query-input":{"@type":"PropertyValueSpecification","valueRequired":true,"valueName":"search_term_string"}}],"inLanguage":"es"}]}},"_links":{"self":[{"href":"https:\/\/www.reypadron.com\/es\/wp-json\/wp\/v2\/pages\/483","targetHints":{"allow":["GET"]}}],"collection":[{"href":"https:\/\/www.reypadron.com\/es\/wp-json\/wp\/v2\/pages"}],"about":[{"href":"https:\/\/www.reypadron.com\/es\/wp-json\/wp\/v2\/types\/page"}],"author":[{"embeddable":true,"href":"https:\/\/www.reypadron.com\/es\/wp-json\/wp\/v2\/users\/3"}],"replies":[{"embeddable":true,"href":"https:\/\/www.reypadron.com\/es\/wp-json\/wp\/v2\/comments?post=483"}],"version-history":[{"count":0,"href":"https:\/\/www.reypadron.com\/es\/wp-json\/wp\/v2\/pages\/483\/revisions"}],"wp:attachment":[{"href":"https:\/\/www.reypadron.com\/es\/wp-json\/wp\/v2\/media?parent=483"}],"curies":[{"name":"wp","href":"https:\/\/api.w.org\/{rel}","templated":true}]}}