{"id":513,"date":"2021-11-22T07:14:49","date_gmt":"2021-11-22T07:14:49","guid":{"rendered":"https:\/\/www.reypadron.com\/?page_id=513"},"modified":"2021-11-22T07:14:49","modified_gmt":"2021-11-22T07:14:49","slug":"abogado-de-accidentes-de-uber","status":"publish","type":"page","link":"https:\/\/www.reypadron.com\/es\/abogado-de-accidentes-de-uber\/","title":{"rendered":"Abogado de Accidentes de Uber"},"content":{"rendered":"<h1>Abogado de Accidentes de Uber en Miami Obtiene Resultados Favorables para Clientes<\/h1>\n<p>Uber y Lyft son servicios de transporte compartido incre\u00edblemente populares que est\u00e1n cambiando la forma en que las personas se desplazan. Una de las razones por las que Uber y Lyft tienen tanto \u00e9xito es porque brindan un nivel de servicio m\u00e1s alto que los taxis tradicionales\u2013transportando a los clientes del punto A al B de manera r\u00e1pida y conveniente. Desafortunadamente, los servicios de transporte compartido tambi\u00e9n crean problemas legales \u00fanicos para los pasajeros y conductores. En La Firma de Abogados de Rey Padron, PLLC, representamos a clientes que han resultado lesionados en accidentes de Uber en cualquier lugar de Miami y sus alrededores.<\/p>\n<p>Cuando ocurre un accidente durante un viaje de Uber\/Lyft, puede ser dif\u00edcil determinar qui\u00e9n es responsable de los da\u00f1os ocurridos. Nuestro experimentado equipo legal comprende lo confusos que pueden ser estos casos, por lo que nos tomamos el tiempo para explorar todos los medios posibles para asegurar que los derechos de nuestros clientes est\u00e9n protegidos.<\/p>\n<p>Un conductor de Uber o Lyft podr\u00eda tener la culpa de tu accidente o la negligencia de otro conductor de veh\u00edculo motorizado podr\u00eda ser la causa. No importa cu\u00e1les sean las circunstancias de tu caso, nuestra firma de abogados se compromete a luchar por tus derechos.<\/p>\n<p>Adem\u00e1s de los accidentes que involucran a personas que viajan en veh\u00edculos Uber y Lyft, tambi\u00e9n podemos ayudar a las v\u00edctimas lesionadas que han resultado heridas por conductores sin seguro o con seguro insuficiente. Si bien Uber y Lyft tienen una gran cobertura de seguro, puede ser complicado navegar por un caso de accidente de Uber\/Lyft por cuenta propia.<\/p>\n<p>Si has estado involucrado en un accidente de Uber o Lyft en Miami, La Firma de Abogados de Rey Padron, PLLC puede ayudarte a buscar la compensaci\u00f3n que mereces. Para una representaci\u00f3n legal s\u00f3lida e incansable, contacta hoy mismo a La Firma de Abogados de Rey Padron, PLLC al (305) 800-5342.<\/p>\n<h2><strong>\u00bfQu\u00e9 Deber\u00eda Hacer Despu\u00e9s de Mi Accidente Automovil\u00edstico de Uber?<\/strong><\/h2>\n<p>Si est\u00e1s involucrado en un accidente de Uber, es importante entender las complejidades de este tipo de litigio. Si no est\u00e1s familiarizado con tus derechos y beneficios despu\u00e9s de un accidente automovil\u00edstico con Uber, \u00bfqu\u00e9 debes hacer? Despu\u00e9s de buscar tratamiento m\u00e9dico por las lesiones sufridas en tu accidente, el primer paso es contactar a un abogado de lesiones personales que pueda guiarte a trav\u00e9s del proceso. Tu abogado revisar\u00e1 todos los hechos y determinar\u00e1 si hubo negligencia por parte de Uber o de su conductor.<\/p>\n<p>Esto incluye examinar qu\u00e9 tan bien conduc\u00edan, si ten\u00edan su tel\u00e9fono celular mientras conduc\u00edan (lo cual es ilegal), si estaban hablando por su celular cuando chocaron con otro veh\u00edculo o cualquier otro tipo de negligencia. Tu abogado tambi\u00e9n examinar\u00e1 qu\u00e9 tipo de cobertura de seguro tiene cada parte para determinar qui\u00e9n puede ser responsable de pagar los da\u00f1os, lesiones e inconvenientes.<\/p>\n<p>El siguiente paso es determinar si tienen un caso que valga la pena perseguir. En la mayor\u00eda de los casos, tu <a href=\"https:\/\/www.reypadron.com\/\">abogado de lesiones en Miami<\/a> revisar\u00e1 el informe policial para determinar qui\u00e9n tuvo la culpa de causar el accidente. Si creen que tu abogado de accidentes de Uber puede demostrar que Uber fue negligente al permitir que un conductor con un historial de conducci\u00f3n imprudente o condenas por conducci\u00f3n bajo el efecto de sustancias estuviera detr\u00e1s del volante cuando no deber\u00eda haberlo estado, entonces valdr\u00e1 la pena perseguir una demanda en su contra.<\/p>\n<p>Otros factores pueden jugar un papel considerable cuando se trata de la validez de un caso de lesiones personales contra Lyft o Uber. Los conductores de Uber pueden ser tan negligentes como otros conductores en la calle Es importante defender tus derechos siempre que sea posible para asegurarte de que no se aprovechen de ti despu\u00e9s de un accidente automovil\u00edstico de Uber. Habla con un <a href=\"https:\/\/www.google.com\/maps?cid=8480790987439637507\">abogado de accidentes de Uber<\/a>calificado para entender cu\u00e1les son las opciones para tu posible caso.<\/p>\n<h2><strong>\u00bfQu\u00e9 Compensaci\u00f3n Podr\u00eda Obtener Por Medio de una Demanda por Lesiones Personales?<\/strong><\/h2>\n<p>Cuando se trata de obtener una compensaci\u00f3n financiera por tu accidente automovil\u00edstico con Uber, es importante entender cu\u00e1nto dinero puedes tener derecho a recibir. Al determinar el alcance de tus lesiones, gastos m\u00e9dicos, dolor y sufrimiento, p\u00e9rdida de salarios o d\u00edas laborales perdidos, es posible determinar exactamente cu\u00e1nto podr\u00eda reclamar en indemnizaciones.<\/p>\n<p>Al igual que con cualquier demanda que involucre accidentes automovil\u00edsticos de Uber, hay varias partes involucradas que pueden haber sido negligentes al causar o contribuir a tus lesiones. Dependiendo de las circunstancias de tu caso, puedes tener derecho aindemnizaci\u00f3n por:<\/p>\n<h2><strong>Gastos m\u00e9dicos<\/strong><\/h2>\n<p>Los gastos m\u00e9dicos, como facturas m\u00e9dicas, medicamentos, sesiones de terapia f\u00edsica y necesidades de atenci\u00f3n a largo plazo pueden ser costosos. Ya sea que necesites cirug\u00eda o atenci\u00f3n m\u00e9dica continua por el resto de tu vida, es imperativo comprender cu\u00e1nta compensaci\u00f3n financiera tendr\u00edas derecho a recibir si el ajustador de seguros acepta que tienes derecho a esta indemnizaci\u00f3n.<\/p>\n<h2><strong>Dolor y sufrimiento<\/strong><\/h2>\n<p>Si bien el dolor y el sufrimiento pueden no parecer una preocupaci\u00f3n inmediata despu\u00e9s de un accidente que causa lesiones, las consecuencias m\u00e1s duraderas de un accidente automovil\u00edstico de Uber podr\u00edan tener un impacto a largo plazo en ti y tus seres queridos. Si hubo ni\u00f1os involucrados en tu accidente o si tus lesiones te impiden disfrutar de cosas que antes eran labores simples como jugar con tus hijos o salir a la calle, entonces debes buscar una indemnizaci\u00f3n por este aspecto. El dolor y el sufrimiento pueden ser dif\u00edciles de probar sin la ayuda de los abogados de accidentes de Uber adecuados a lo largo del caso.<\/p>\n<h2><strong>Salarios perdidos<\/strong><\/h2>\n<p>Perder ingresos debido a la negligencia de un conductor de Uber u otro automovilista puede ser desalentador, especialmente si eres el principal sost\u00e9n econ\u00f3mico de tu familia. Por haber resultado lesionado en un accidente automovil\u00edstico de Uber, es posible que tengas derecho a recibir una compensaci\u00f3n por cualquier salario perdido mientras te recuperas de tus lesiones. Esto incluir\u00eda faltar al trabajo por las citas con el m\u00e9dico, sesiones de terapia o simplemente al no poder levantarte de la cama por dolor intenso.<\/p>\n<p>Adem\u00e1s de lo que se buscar\u00eda en un acuerdo, tambi\u00e9n puede que hayas perdido otras cosas como resultado de las lesiones o gastos que hayas acumulado. Si este es el caso, entonces esto deber\u00eda ser parte de tus conversaciones con un abogado de accidentes de Uber para que puedas determinar adecuadamente la cantidad de compensaci\u00f3n que debes buscar.<\/p>\n<h2><strong>\u00bfQu\u00e9 Puede Hacer un Abogado de Accidentes de Uber o Lyft para Ayudarme?<\/strong><\/h2>\n<p>Si resultaste lesionado en un accidente que involucr\u00f3 a un conductor de Uber, es posible que debas actuar con rapidez antes de que se pierdan las evidencias. Un abogado de accidentes de Uber puede ayudarte durante el proceso de presentaci\u00f3n de demanda, negociar con las compa\u00f1\u00edas de seguros para obtener una compensaci\u00f3n justa, asesorarte sobre c\u00f3mo manejar procedimientos legales espec\u00edficos y representarte en caso de que tu caso deba ir a juicio.<\/p>\n<p>Si tudemanda resulta en un litigio, beneficiar\u00eda a todas las partes si las negociaciones se completaran antes de ir a la corte. Cuanta m\u00e1s informaci\u00f3n se pueda recopilar sobre un accidente que involucre a un conductor de Uber, m\u00e1s posibilidades habr\u00e1 de recibir una compensaci\u00f3n adecuada en un acuerdo o veredicto por lesiones personales por las lesiones que surjan contra su cliente. Los abogados de accidentes de Uber pueden facilitarte la vida al lidiar con la compa\u00f1\u00eda de seguros responsable de pagar tu acuerdo. Las compa\u00f1\u00edas de seguros tienen la reputaci\u00f3n de ser dif\u00edciles de tratar, por lo tanto, esfavorable tener a alguien que se ocupe de velar por tus mayores intereses.<\/p>\n<p>Incluso si a\u00fan no est\u00e1s listo para un acuerdo o si tienes otro asunto legal que debes analizar primero, un abogado de accidentes de Uber puede brindarte tranquilidad al poner tu caso en sus manos. Dependiendo de las circunstancias que rodearon tu accidente, es posible que incluso puedan presentar una demanda en tu nombre antes de que se des cuenta de que hay un problema. Al eliminar las conjeturas y tener a alguien que trabaje de manera proactiva en tu caso, potencialmente podr\u00edas prevenir m\u00e1s lesiones porque la parte negligente ser\u00eda responsable de cualquier da\u00f1o futuro.<\/p>\n<p>Las v\u00edctimas de accidentes deben tomar la iniciativa y buscar formas de aliviar su situaci\u00f3n tanto como sea posible, incluyendo hablar con un abogado de accidentes de Uber para obtener m\u00e1s informaci\u00f3n sobre tus opciones de compensaci\u00f3n.<\/p>\n<p>Nuestra firma de abogados se dedica a brindar a todos nuestros clientes en Miami y las \u00e1reas circundantes atenci\u00f3n personalizada durante todo el caso. Contacta a nuestra firma de abogados hoy mismo para una consulta gratuita con nuestro equipo legal que est\u00e1 bien versado en ayudar a las v\u00edctimas de accidentes a obtener la compensaci\u00f3n que merecen. Tenemos a\u00f1os de experiencia en el manejo de demandas que involucran a conductores de Uber y comprendemos no solo c\u00f3mo recopilar pruebas, sino tambi\u00e9n qu\u00e9 informaci\u00f3n ser\u00e1 importante al negociar un acuerdo o acudir a los tribunales en su contra.<\/p>\n<h2><strong>\u00bfCu\u00e1les son los Beneficios de Contratar a un Abogado de Accidentes de Uber?<\/strong><\/h2>\n<p>Los accidentes de Uber, al igual que los accidentes automovil\u00edsticos, pueden requerir un abogado experto en accidentes de Uber para que te ayude de principio a fin. Desde lidiar con la compa\u00f1\u00eda de seguros y determinar si la cobertura de seguro del conductor de Uber es accesible para tratar con tu propia compa\u00f1\u00eda de seguros y, en \u00faltima instancia, someter a juiciotu caso, es posible que te sientas abrumado sin la orientaci\u00f3n legal adecuada.<\/p>\n<p>Nuestra firma de abogados entiende lo dif\u00edcil que puede ser para las v\u00edctimas de accidentes estar en una situaci\u00f3n en la que han resultado lesionados y no pueden trabajar o han acarreado con los gastos m\u00e9dicos por sus lesiones. Haremos todo lo posible para aliviar parte del estr\u00e9s de esos momentos tan dif\u00edciles, trabajando en tu nombre. Nuestro equipo legal est\u00e1 listo para brindarte el apoyo y la representaci\u00f3n legal que necesita para superar cualquier obst\u00e1culo que tu situaci\u00f3n particular pueda presentar.<\/p>\n<p>Los abogados de nuestra firma de abogados entienden que cada cliente tiene diferentes necesidades, as\u00ed como diferentes formas de manejar sus casos. Nosotros evaluamos a cada cliente individualmente y desarrollamos una estrategia para su caso en funci\u00f3n de sus necesidades espec\u00edficas. Las demandas por lesiones personales que surgen de accidentes de Uber pueden ser complicados y te brindaremos el mejor resultado posible para tu caso.<\/p>\n<p>Nuestra firma de abogados tiene experiencia con todo tipo de demandas por accidentes, incluyendo los que involucran a conductores de Uber, y comprende lo que se necesita para ayudarte a obtener una compensaci\u00f3n por las lesiones derivadas de un accidente de Uber. Desde gastos m\u00e9dicos hasta salarios perdidos, nuestra firma de abogados trabajar\u00e1 arduamente en tu nombre para que puedas concentrarte en la recuperaci\u00f3n de tus lesiones.<\/p>\n<p>Si has resultado lesionado como resultado de un accidente de Uber y deseas una representaci\u00f3n legal con experiencia que trabaje en tu nombre, cont\u00e1ctanos hoy mismo para una consulta gratuita.<\/p>\n<p>Comun\u00edcate con La Firma de Abogados de Rey Padron, PLLC al (305) 800-5342 para obtener la representaci\u00f3n de lesiones personales que mereces en el futuro.<\/p>\n","protected":false},"excerpt":{"rendered":"<p>Abogado de Accidentes de Uber en Miami Obtiene Resultados Favorables para Clientes Uber y Lyft son servicios de transporte compartido incre\u00edblemente populares que est\u00e1n cambiando la forma en que las personas se desplazan. Una de las razones por las que Uber y Lyft tienen tanto \u00e9xito es porque brindan un nivel de servicio m\u00e1s alto que los taxis tradicionales\u2013transportando a los clientes del punto A al B de manera r\u00e1pida y conveniente. Desafortunadamente, los servicios de transporte compartido tambi\u00e9n crean problemas legales \u00fanicos para los pasajeros y conductores. En La Firma de Abogados de Rey Padron, PLLC, representamos a clientes que han resultado lesionados en accidentes de Uber en cualquier lugar de Miami y sus alrededores. Cuando ocurre un accidente durante un viaje de Uber\/Lyft, puede ser dif\u00edcil determinar qui\u00e9n es responsable de los da\u00f1os ocurridos. Nuestro experimentado equipo legal comprende lo confusos que pueden ser estos casos, por lo que nos tomamos el tiempo para explorar todos los medios posibles para asegurar que los derechos de nuestros clientes est\u00e9n protegidos. Un conductor de Uber o Lyft podr\u00eda tener la culpa de tu accidente o la negligencia de otro conductor de veh\u00edculo motorizado podr\u00eda ser la causa. No importa cu\u00e1les sean las circunstancias de tu caso, nuestra firma de abogados se compromete a luchar por tus derechos. Adem\u00e1s de los accidentes que involucran a personas que viajan en veh\u00edculos Uber y Lyft, tambi\u00e9n podemos ayudar a las v\u00edctimas lesionadas que han resultado heridas por conductores sin seguro o con seguro insuficiente. Si bien Uber y Lyft tienen una gran cobertura de seguro, puede ser complicado navegar por un caso de accidente de Uber\/Lyft por cuenta propia. Si has estado involucrado en un accidente de Uber o Lyft en Miami, La Firma de Abogados de Rey Padron, PLLC puede ayudarte a buscar la compensaci\u00f3n que mereces. Para una representaci\u00f3n legal s\u00f3lida e incansable, contacta hoy mismo a La Firma de Abogados de Rey Padron, PLLC al (305) 800-5342. \u00bfQu\u00e9 Deber\u00eda Hacer Despu\u00e9s de Mi Accidente Automovil\u00edstico de Uber? Si est\u00e1s involucrado en un accidente de Uber, es importante entender las complejidades de este tipo de litigio. Si no est\u00e1s familiarizado con tus derechos y beneficios despu\u00e9s de un accidente automovil\u00edstico con Uber, \u00bfqu\u00e9 debes hacer? Despu\u00e9s de buscar tratamiento m\u00e9dico por las lesiones sufridas en tu accidente, el primer paso es contactar a un abogado de lesiones personales que pueda guiarte a trav\u00e9s del proceso. Tu abogado revisar\u00e1 todos los hechos y determinar\u00e1 si hubo negligencia por parte de Uber o de su conductor. Esto incluye examinar qu\u00e9 tan bien conduc\u00edan, si ten\u00edan su tel\u00e9fono celular mientras conduc\u00edan (lo cual es ilegal), si estaban hablando por su celular cuando chocaron con otro veh\u00edculo o cualquier otro tipo de negligencia. Tu abogado tambi\u00e9n examinar\u00e1 qu\u00e9 tipo de cobertura de seguro tiene cada parte para determinar qui\u00e9n puede ser responsable de pagar los da\u00f1os, lesiones e inconvenientes. El siguiente paso es determinar si tienen un caso que valga la pena perseguir. En la mayor\u00eda de los casos, tu abogado de lesiones en Miami revisar\u00e1 el informe policial para determinar qui\u00e9n tuvo la culpa de causar el accidente. Si creen que tu abogado de accidentes de Uber puede demostrar que Uber fue negligente al permitir que un conductor con un historial de conducci\u00f3n imprudente o condenas por conducci\u00f3n bajo el efecto de sustancias estuviera detr\u00e1s del volante cuando no deber\u00eda haberlo estado, entonces valdr\u00e1 la pena perseguir una demanda en su contra. Otros factores pueden jugar un papel considerable cuando se trata de la validez de un caso de lesiones personales contra Lyft o Uber. Los conductores de Uber pueden ser tan negligentes como otros conductores en la calle Es importante defender tus derechos siempre que sea posible para asegurarte de que no se aprovechen de ti despu\u00e9s de un accidente automovil\u00edstico de Uber. Habla con un abogado de accidentes de Ubercalificado para entender cu\u00e1les son las opciones para tu posible caso. \u00bfQu\u00e9 Compensaci\u00f3n Podr\u00eda Obtener Por Medio de una Demanda por Lesiones Personales? Cuando se trata de obtener una compensaci\u00f3n financiera por tu accidente automovil\u00edstico con Uber, es importante entender cu\u00e1nto dinero puedes tener derecho a recibir. Al determinar el alcance de tus lesiones, gastos m\u00e9dicos, dolor y sufrimiento, p\u00e9rdida de salarios o d\u00edas laborales perdidos, es posible determinar exactamente cu\u00e1nto podr\u00eda reclamar en indemnizaciones. Al igual que con cualquier demanda que involucre accidentes automovil\u00edsticos de Uber, hay varias partes involucradas que pueden haber sido negligentes al causar o contribuir a tus lesiones. Dependiendo de las circunstancias de tu caso, puedes tener derecho aindemnizaci\u00f3n por: Gastos m\u00e9dicos Los gastos m\u00e9dicos, como facturas m\u00e9dicas, medicamentos, sesiones de terapia f\u00edsica y necesidades de atenci\u00f3n a largo plazo pueden ser costosos. Ya sea que necesites cirug\u00eda o atenci\u00f3n m\u00e9dica continua por el resto de tu vida, es imperativo comprender cu\u00e1nta compensaci\u00f3n financiera tendr\u00edas derecho a recibir si el ajustador de seguros acepta que tienes derecho a esta indemnizaci\u00f3n. Dolor y sufrimiento Si bien el dolor y el sufrimiento pueden no parecer una preocupaci\u00f3n inmediata despu\u00e9s de un accidente que causa lesiones, las consecuencias m\u00e1s duraderas de un accidente automovil\u00edstico de Uber podr\u00edan tener un impacto a largo plazo en ti y tus seres queridos. Si hubo ni\u00f1os involucrados en tu accidente o si tus lesiones te impiden disfrutar de cosas que antes eran labores simples como jugar con tus hijos o salir a la calle, entonces debes buscar una indemnizaci\u00f3n por este aspecto. El dolor y el sufrimiento pueden ser dif\u00edciles de probar sin la ayuda de los abogados de accidentes de Uber adecuados a lo largo del caso. Salarios perdidos Perder ingresos debido a la negligencia de un conductor de Uber u otro automovilista puede ser desalentador, especialmente si eres el principal sost\u00e9n econ\u00f3mico de tu familia. Por haber resultado lesionado en un accidente automovil\u00edstico de Uber, es posible que tengas derecho a recibir una compensaci\u00f3n por cualquier salario perdido mientras te recuperas de tus lesiones. Esto incluir\u00eda faltar al trabajo por las citas<\/p>\n","protected":false},"author":3,"featured_media":0,"parent":0,"menu_order":0,"comment_status":"closed","ping_status":"closed","template":"","meta":{"_genesis_hide_title":false,"_genesis_hide_breadcrumbs":false,"_genesis_hide_singular_image":false,"_genesis_hide_footer_widgets":false,"_genesis_custom_body_class":"","_genesis_custom_post_class":"","_genesis_layout":"","footnotes":""},"class_list":{"0":"post-513","1":"page","2":"type-page","3":"status-publish","5":"entry"},"yoast_head":"<!-- This site is optimized with the Yoast SEO plugin v27.5 - https:\/\/yoast.com\/product\/yoast-seo-wordpress\/ -->\n<title>Abogado de Accidentes de Uber en Miami - Florida \u2013La Firma de Abogados de Rey Padron, PLLC<\/title>\n<meta name=\"description\" content=\"\u00bfHas resultado lesionado en accidente de Uber o Lyft? Tienes el derecho a buscar compensaci\u00f3n financiera por cualquier p\u00e9rdida que hayas sufrido. Contacta hoy mismo a LA Firma de Abogados de Rey Padron, PLLC para conseguir la representaci\u00f3n que mereces.\" \/>\n<meta name=\"robots\" content=\"index, follow, max-snippet:-1, max-image-preview:large, max-video-preview:-1\" \/>\n<link rel=\"canonical\" href=\"https:\/\/www.reypadron.com\/es\/abogado-de-accidentes-de-uber\/\" \/>\n<meta property=\"og:locale\" content=\"es_ES\" \/>\n<meta property=\"og:type\" content=\"article\" \/>\n<meta property=\"og:title\" content=\"Abogado de Accidentes de Uber en Miami - Florida \u2013La Firma de Abogados de Rey Padron, PLLC\" \/>\n<meta property=\"og:description\" content=\"\u00bfHas resultado lesionado en accidente de Uber o Lyft? Tienes el derecho a buscar compensaci\u00f3n financiera por cualquier p\u00e9rdida que hayas sufrido. Contacta hoy mismo a LA Firma de Abogados de Rey Padron, PLLC para conseguir la representaci\u00f3n que mereces.\" \/>\n<meta property=\"og:url\" content=\"https:\/\/www.reypadron.com\/es\/abogado-de-accidentes-de-uber\/\" \/>\n<meta property=\"og:site_name\" content=\"The Law Firm of Rey Padron, PLLC\" \/>\n<meta name=\"twitter:card\" content=\"summary_large_image\" \/>\n<meta name=\"twitter:label1\" content=\"Tiempo de lectura\" \/>\n\t<meta name=\"twitter:data1\" content=\"10 minutos\" \/>\n<!-- \/ Yoast SEO plugin. -->","yoast_head_json":{"title":"Abogado de Accidentes de Uber en Miami - Florida \u2013La Firma de Abogados de Rey Padron, PLLC","description":"\u00bfHas resultado lesionado en accidente de Uber o Lyft? Tienes el derecho a buscar compensaci\u00f3n financiera por cualquier p\u00e9rdida que hayas sufrido. Contacta hoy mismo a LA Firma de Abogados de Rey Padron, PLLC para conseguir la representaci\u00f3n que mereces.","robots":{"index":"index","follow":"follow","max-snippet":"max-snippet:-1","max-image-preview":"max-image-preview:large","max-video-preview":"max-video-preview:-1"},"canonical":"https:\/\/www.reypadron.com\/es\/abogado-de-accidentes-de-uber\/","og_locale":"es_ES","og_type":"article","og_title":"Abogado de Accidentes de Uber en Miami - Florida \u2013La Firma de Abogados de Rey Padron, PLLC","og_description":"\u00bfHas resultado lesionado en accidente de Uber o Lyft? Tienes el derecho a buscar compensaci\u00f3n financiera por cualquier p\u00e9rdida que hayas sufrido. Contacta hoy mismo a LA Firma de Abogados de Rey Padron, PLLC para conseguir la representaci\u00f3n que mereces.","og_url":"https:\/\/www.reypadron.com\/es\/abogado-de-accidentes-de-uber\/","og_site_name":"The Law Firm of Rey Padron, PLLC","twitter_card":"summary_large_image","twitter_misc":{"Tiempo de lectura":"10 minutos"},"schema":{"@context":"https:\/\/schema.org","@graph":[{"@type":"WebPage","@id":"https:\/\/www.reypadron.com\/es\/abogado-de-accidentes-de-uber\/","url":"https:\/\/www.reypadron.com\/es\/abogado-de-accidentes-de-uber\/","name":"Abogado de Accidentes de Uber en Miami - Florida \u2013La Firma de Abogados de Rey Padron, PLLC","isPartOf":{"@id":"https:\/\/www.reypadron.com\/#website"},"datePublished":"2021-11-22T07:14:49+00:00","description":"\u00bfHas resultado lesionado en accidente de Uber o Lyft? Tienes el derecho a buscar compensaci\u00f3n financiera por cualquier p\u00e9rdida que hayas sufrido. Contacta hoy mismo a LA Firma de Abogados de Rey Padron, PLLC para conseguir la representaci\u00f3n que mereces.","breadcrumb":{"@id":"https:\/\/www.reypadron.com\/es\/abogado-de-accidentes-de-uber\/#breadcrumb"},"inLanguage":"es","potentialAction":[{"@type":"ReadAction","target":["https:\/\/www.reypadron.com\/es\/abogado-de-accidentes-de-uber\/"]}]},{"@type":"BreadcrumbList","@id":"https:\/\/www.reypadron.com\/es\/abogado-de-accidentes-de-uber\/#breadcrumb","itemListElement":[{"@type":"ListItem","position":1,"name":"Home","item":"https:\/\/www.reypadron.com\/es\/"},{"@type":"ListItem","position":2,"name":"Abogado de Accidentes de Uber"}]},{"@type":"WebSite","@id":"https:\/\/www.reypadron.com\/#website","url":"https:\/\/www.reypadron.com\/","name":"The Law Firm of Rey Padron, PLLC","description":"","potentialAction":[{"@type":"SearchAction","target":{"@type":"EntryPoint","urlTemplate":"https:\/\/www.reypadron.com\/?s={search_term_string}"},"query-input":{"@type":"PropertyValueSpecification","valueRequired":true,"valueName":"search_term_string"}}],"inLanguage":"es"}]}},"_links":{"self":[{"href":"https:\/\/www.reypadron.com\/es\/wp-json\/wp\/v2\/pages\/513","targetHints":{"allow":["GET"]}}],"collection":[{"href":"https:\/\/www.reypadron.com\/es\/wp-json\/wp\/v2\/pages"}],"about":[{"href":"https:\/\/www.reypadron.com\/es\/wp-json\/wp\/v2\/types\/page"}],"author":[{"embeddable":true,"href":"https:\/\/www.reypadron.com\/es\/wp-json\/wp\/v2\/users\/3"}],"replies":[{"embeddable":true,"href":"https:\/\/www.reypadron.com\/es\/wp-json\/wp\/v2\/comments?post=513"}],"version-history":[{"count":0,"href":"https:\/\/www.reypadron.com\/es\/wp-json\/wp\/v2\/pages\/513\/revisions"}],"wp:attachment":[{"href":"https:\/\/www.reypadron.com\/es\/wp-json\/wp\/v2\/media?parent=513"}],"curies":[{"name":"wp","href":"https:\/\/api.w.org\/{rel}","templated":true}]}}